{"id":276,"date":"2019-03-15T13:40:44","date_gmt":"2019-03-15T11:40:44","guid":{"rendered":"https:\/\/www.porinseudunsieniseura.fi\/?page_id=276"},"modified":"2025-08-26T13:49:23","modified_gmt":"2025-08-26T10:49:23","slug":"yhteystiedot","status":"publish","type":"page","link":"https:\/\/www.porinseudunsieniseura.fi\/?page_id=276","title":{"rendered":"Yhteystiedot"},"content":{"rendered":"<h1>Yhteystiedot<\/h1>\n<h2>Porin Seudun Sieniseura ry<\/h2>\n<h3>Hallitus<\/h3>\n<p>Pauli V\u00e4nttil\u00e4<\/p>\n<p>puheenjohtaja<\/p>\n<p>puh: 044 988 8248<\/p>\n<p>S\u00e4hk\u00f6posti: <a href=\"mailto:vanttilapauli@gmail.com\">vanttilapauli@gmail.com<\/a><\/p>\n<p>Janne Lampolahti<\/p>\n<p>sihteeri<\/p>\n<p>puh: 044 455 8021<\/p>\n<p>S\u00e4hk\u00f6posti: <a href=\"mailto:lampolahtijanne@gmail.com\">lampolahtijanne@gmail.com<\/a><\/p>\n<p>Mariia Goncharskaia<\/p>\n<p>S\u00e4hk\u00f6posti: <a href=\"mailto:mariia.goncharskaia@gmail.com\">mariia.goncharskaia@gmail.com<\/a><\/p>\n<p>Marika Lahtinen<\/p>\n<p>S\u00e4hk\u00f6posti: <a href=\"mailto:marika.lahtinen@COOPfin.coop\">marika.lahtinen@COOPfin.coop<\/a><\/p>\n<p>Juhani Mellanoura<\/p>\n<p>S\u00e4hk\u00f6posti: <a href=\"mailto:juhani.mellanoura@luke.fi\">juhani.mellanoura7@gmail.com<\/a><\/p>\n<p>Hannu Lehtonen<\/p>\n<p>S\u00e4hk\u00f6posti: <span class=\"gI\"><span data-hovercard-id=\"hannu.lehtonen68@gmail.com\" data-hovercard-owner-id=\"144\">hannu.lehtonen68@gmail.com<\/span><\/span><\/p>\n<p>Johanna Vesam\u00e4ki<\/p>\n<p>S\u00e4hk\u00f6posti: vesamaki.johanna@gmail.com<\/p>\n<p>Tapani H\u00e4nninen<\/p>\n<p>S\u00e4hk\u00f6posti: tapani.h\u00e4nninen<\/p>\n<p>Kristian Laihinen (Kotisivuvastaava)<\/p>\n<p>S\u00e4hk\u00f6posti: kristian.laihinen@gmail.com<\/p>\n\n\n<p><\/p>\n","protected":false},"excerpt":{"rendered":"<p>Yhteystiedot Porin Seudun Sieniseura ry Hallitus Pauli V\u00e4nttil\u00e4 puheenjohtaja puh: 044 988 8248 S\u00e4hk\u00f6posti: vanttilapauli@gmail.com Janne Lampolahti sihteeri puh: 044 455 8021 S\u00e4hk\u00f6posti: lampolahtijanne@gmail.com Mariia Goncharskaia S\u00e4hk\u00f6posti: mariia.goncharskaia@gmail.com Marika Lahtinen S\u00e4hk\u00f6posti: marika.lahtinen@COOPfin.coop Juhani Mellanoura S\u00e4hk\u00f6posti: juhani.mellanoura7@gmail.com Hannu Lehtonen S\u00e4hk\u00f6posti: hannu.lehtonen68@gmail.com Johanna Vesam\u00e4ki S\u00e4hk\u00f6posti: vesamaki.johanna@gmail.com Tapani H\u00e4nninen S\u00e4hk\u00f6posti: tapani.h\u00e4nninen Kristian Laihinen (Kotisivuvastaava) S\u00e4hk\u00f6posti: kristian.laihinen@gmail.com<\/p>\n","protected":false},"author":1,"featured_media":0,"parent":0,"menu_order":0,"comment_status":"closed","ping_status":"closed","template":"","meta":{"footnotes":""},"class_list":["post-276","page","type-page","status-publish","hentry"],"_links":{"self":[{"href":"https:\/\/www.porinseudunsieniseura.fi\/index.php?rest_route=\/wp\/v2\/pages\/276","targetHints":{"allow":["GET"]}}],"collection":[{"href":"https:\/\/www.porinseudunsieniseura.fi\/index.php?rest_route=\/wp\/v2\/pages"}],"about":[{"href":"https:\/\/www.porinseudunsieniseura.fi\/index.php?rest_route=\/wp\/v2\/types\/page"}],"author":[{"embeddable":true,"href":"https:\/\/www.porinseudunsieniseura.fi\/index.php?rest_route=\/wp\/v2\/users\/1"}],"replies":[{"embeddable":true,"href":"https:\/\/www.porinseudunsieniseura.fi\/index.php?rest_route=%2Fwp%2Fv2%2Fcomments&post=276"}],"version-history":[{"count":9,"href":"https:\/\/www.porinseudunsieniseura.fi\/index.php?rest_route=\/wp\/v2\/pages\/276\/revisions"}],"predecessor-version":[{"id":415,"href":"https:\/\/www.porinseudunsieniseura.fi\/index.php?rest_route=\/wp\/v2\/pages\/276\/revisions\/415"}],"wp:attachment":[{"href":"https:\/\/www.porinseudunsieniseura.fi\/index.php?rest_route=%2Fwp%2Fv2%2Fmedia&parent=276"}],"curies":[{"name":"wp","href":"https:\/\/api.w.org\/{rel}","templated":true}]}}